{"id":5445,"date":"2019-06-13T07:24:49","date_gmt":"2019-06-13T07:24:49","guid":{"rendered":"https:\/\/www.gavias-theme.com\/wp\/krowd\/?page_id=5445"},"modified":"2024-02-18T15:14:03","modified_gmt":"2024-02-18T14:14:03","slug":"our-awards","status":"publish","type":"page","link":"https:\/\/haerzschlagmoos.ch\/?page_id=5445","title":{"rendered":"Our Awards"},"content":{"rendered":"\t\t<div data-elementor-type=\"wp-post\" data-elementor-id=\"5445\" class=\"elementor elementor-5445\">\n\t\t\t\t\t\t<section class=\"elementor-section elementor-top-section elementor-element elementor-element-c034589 elementor-section-boxed elementor-section-height-default elementor-section-height-default\" data-id=\"c034589\" data-element_type=\"section\">\n\t\t\t\t\t\t<div class=\"elementor-container elementor-column-gap-default\">\n\t\t\t\t\t<div class=\"elementor-column elementor-col-100 elementor-top-column elementor-element elementor-element-24d3f81 column-style-top\" data-id=\"24d3f81\" data-element_type=\"column\">\n\t\t\t<div class=\"elementor-widget-wrap elementor-element-populated\">\n\t\t\t\t\t\t<div class=\"elementor-element elementor-element-88fe28d elementor-widget elementor-widget-spacer\" data-id=\"88fe28d\" data-element_type=\"widget\" data-widget_type=\"spacer.default\">\n\t\t\t\t<div class=\"elementor-widget-container\">\n\t\t\t\t\t\t\t<div class=\"elementor-spacer\">\n\t\t\t<div class=\"elementor-spacer-inner\"><\/div>\n\t\t<\/div>\n\t\t\t\t\t\t<\/div>\n\t\t\t\t<\/div>\n\t\t\t\t\t<\/div>\n\t\t<\/div>\n\t\t\t\t\t<\/div>\n\t\t<\/section>\n\t\t\t\t<section class=\"elementor-section elementor-top-section elementor-element elementor-element-a9d165a elementor-section-full_width elementor-section-height-default elementor-section-height-default\" data-id=\"a9d165a\" data-element_type=\"section\">\n\t\t\t\t\t\t<div class=\"elementor-container elementor-column-gap-no\">\n\t\t\t\t\t<div class=\"elementor-column elementor-col-100 elementor-top-column elementor-element elementor-element-6563cbb column-style-top\" data-id=\"6563cbb\" data-element_type=\"column\">\n\t\t\t<div class=\"elementor-widget-wrap elementor-element-populated\">\n\t\t\t\t\t\t<div class=\"elementor-element elementor-element-f3a562a elementor-widget elementor-widget-slider_revolution\" data-id=\"f3a562a\" data-element_type=\"widget\" data-widget_type=\"slider_revolution.default\">\n\t\t\t\t<div class=\"elementor-widget-container\">\n\t\t\t\t\t\n\t\t<div class=\"wp-block-themepunch-revslider\">\n\t\t\t<!-- START Argumente REVOLUTION SLIDER 6.6.19 --><p class=\"rs-p-wp-fix\"><\/p>\n\t\t\t<rs-module-wrap id=\"rev_slider_10_1_wrapper\" data-source=\"gallery\" style=\"visibility:hidden;background:transparent;padding:0;margin:0px auto;margin-top:0;margin-bottom:0;max-width:100%;\">\n\t\t\t\t<rs-module id=\"rev_slider_10_1\" style=\"\" data-version=\"6.6.19\">\n\t\t\t\t\t<rs-slides style=\"overflow: hidden; position: absolute;\">\n\t\t\t\t\t\t<rs-slide style=\"position: absolute;\" data-key=\"rs-19\" data-title=\"Slide\" data-in=\"o:1;y:(100%);\" data-out=\"a:false;\" data-alttrans=\"random-premium,random\">\n\t\t\t\t\t\t\t<img fetchpriority=\"high\" decoding=\"async\" src=\"\/\/haerzschlagmoos.ch\/wp-content\/plugins\/revslider\/public\/assets\/assets\/dummy.png\" alt=\"\" title=\"IMG_20240204_172505_1\" width=\"2560\" height=\"1179\" class=\"rev-slidebg tp-rs-img rs-lazyload\" data-lazyload=\"\/\/haerzschlagmoos.ch\/wp-content\/uploads\/2024\/02\/IMG_20240204_172505_1-scaled.jpg\" data-parallax=\"9\" data-no-retina>\n<!--\n\t\t\t\t\t\t\t--><rs-layer\n\t\t\t\t\t\t\t\tid=\"slider-10-slide-19-layer-35\" \n\t\t\t\t\t\t\t\tdata-type=\"text\"\n\t\t\t\t\t\t\t\tdata-color=\"#0c0c0c\"\n\t\t\t\t\t\t\t\tdata-rsp_ch=\"on\"\n\t\t\t\t\t\t\t\tdata-xy=\"x:c;xo:-352px,-352px,0,0;y:m;yo:-191px,-191px,-4px,3px;\"\n\t\t\t\t\t\t\t\tdata-text=\"w:normal;s:90,90,66,50;l:90,90,66,50;ls:-1px,-1px,0px,0px;fw:800;a:center;\"\n\t\t\t\t\t\t\t\tdata-frame_1=\"e:power4.inOut;st:1420;sp:1200;sR:1420;\"\n\t\t\t\t\t\t\t\tdata-frame_1_sfx=\"se:blocktoright;\"\n\t\t\t\t\t\t\t\tdata-frame_999=\"o:0;st:w;sR:6380;\"\n\t\t\t\t\t\t\t\tstyle=\"z-index:8;font-family:'Poppins';\"\n\t\t\t\t\t\t\t>Vorteile \n\t\t\t\t\t\t\t<\/rs-layer><!--\n-->\t\t\t\t\t\t<\/rs-slide>\n\t\t\t\t\t<\/rs-slides>\n\t\t\t\t<\/rs-module>\n\t\t\t\t<script>\n\t\t\t\t\tsetREVStartSize({c: 'rev_slider_10_1',rl:[1240,1240,778,480],el:[780,780,580,440],gw:[1170,1170,778,480],gh:[780,780,580,440],type:'standard',justify:'',layout:'fullwidth',mh:\"0\"});if (window.RS_MODULES!==undefined && window.RS_MODULES.modules!==undefined && window.RS_MODULES.modules[\"revslider101\"]!==undefined) {window.RS_MODULES.modules[\"revslider101\"].once = false;window.revapi10 = undefined;if (window.RS_MODULES.checkMinimal!==undefined) window.RS_MODULES.checkMinimal()}\n\t\t\t\t<\/script>\n\t\t\t<\/rs-module-wrap>\n\t\t\t<!-- END REVOLUTION SLIDER -->\n<\/div>\n\n\t\t\t\t\t\t<\/div>\n\t\t\t\t<\/div>\n\t\t\t\t\t<\/div>\n\t\t<\/div>\n\t\t\t\t\t<\/div>\n\t\t<\/section>\n\t\t\t\t<section class=\"elementor-section elementor-top-section elementor-element elementor-element-beee8a4 elementor-section-boxed elementor-section-height-default elementor-section-height-default\" data-id=\"beee8a4\" data-element_type=\"section\">\n\t\t\t\t\t\t<div class=\"elementor-container elementor-column-gap-default\">\n\t\t\t\t\t<div class=\"elementor-column elementor-col-100 elementor-top-column elementor-element elementor-element-455d2fe column-style-top\" data-id=\"455d2fe\" data-element_type=\"column\">\n\t\t\t<div class=\"elementor-widget-wrap elementor-element-populated\">\n\t\t\t\t\t\t<div class=\"elementor-element elementor-element-53809f2 elementor-widget elementor-widget-gva-heading-block\" data-id=\"53809f2\" data-element_type=\"widget\" data-widget_type=\"gva-heading-block.default\">\n\t\t\t\t<div class=\"elementor-widget-container\">\n\t\t\t\t\t<div class=\"gva-element-gva-heading-block gva-element\">   <div class=\"align-center style-1 widget gsc-heading box-align-left\">\r\n      <div class=\"content-inner\">\r\n         \r\n                  \r\n           \r\n         \r\n                              <div class=\"title-desc\"><div class=\"ewa-rteLine\">\u00a0<\/div><div class=\"ewa-rteLine\">Der Clubhaus-Neubau mit Garderoben hat zahlreiche Vorteile f\u00fcr alle Anspruchsgruppen - egal ob du als jetziges oder vielleicht zuk\u00fcnftiges Vereinsmitglied, als regelm\u00e4ssige Zuschauer:in bei Fussballspielen, als Besucher:in von unseren Anl\u00e4ssen oder als Dorfbewohner:in den Sportclub Ersigen kennst.<\/div><div class=\"ewa-rteLine\">\u00a0<\/div><div class=\"ewa-rteLine\"><strong>Klare Vorteile also \"f\u00fcr e rot-g\u00e4ubi Zuekunft\"!<\/strong><\/div><\/div>\r\n         \r\n         \r\n      <\/div>\r\n   <\/div>\r\n   <div class=\"clearfix\"><\/div>\r\n<\/div>\t\t\t\t<\/div>\n\t\t\t\t<\/div>\n\t\t\t\t\t<\/div>\n\t\t<\/div>\n\t\t\t\t\t<\/div>\n\t\t<\/section>\n\t\t\t\t<section class=\"elementor-section elementor-top-section elementor-element elementor-element-fd43b83 elementor-section-boxed elementor-section-height-default elementor-section-height-default\" data-id=\"fd43b83\" data-element_type=\"section\">\n\t\t\t\t\t\t<div class=\"elementor-container elementor-column-gap-default\">\n\t\t\t\t\t<div class=\"elementor-column elementor-col-100 elementor-top-column elementor-element elementor-element-5beab73 column-style-top\" data-id=\"5beab73\" data-element_type=\"column\">\n\t\t\t<div class=\"elementor-widget-wrap elementor-element-populated\">\n\t\t\t\t\t\t<section class=\"elementor-section elementor-inner-section elementor-element elementor-element-14781bd elementor-section-boxed elementor-section-height-default elementor-section-height-default\" data-id=\"14781bd\" data-element_type=\"section\">\n\t\t\t\t\t\t<div class=\"elementor-container elementor-column-gap-default\">\n\t\t\t\t\t<div class=\"elementor-column elementor-col-50 elementor-inner-column elementor-element elementor-element-2221557 column-style-top\" data-id=\"2221557\" data-element_type=\"column\">\n\t\t\t<div class=\"elementor-widget-wrap elementor-element-populated\">\n\t\t\t\t\t\t<div class=\"elementor-element elementor-element-88abf9d elementor-widget elementor-widget-gva-image-content\" data-id=\"88abf9d\" data-element_type=\"widget\" data-widget_type=\"gva-image-content.default\">\n\t\t\t\t<div class=\"elementor-widget-container\">\n\t\t\t\t\t<div class=\"gva-element-gva-image-content gva-element\">      \r\n     \r\n    \r\n    \r\n\r\n   \r\n  <div class=\"gsc-image-content skin-v4\">\r\n        <div class=\"box-content\">\r\n               <h2 class=\"title\">\r\n            Vorteile f\u00fcr Junioren und Eltern         <\/h2>\r\n            <div class=\"desc\">\u2022 Kurze Wege von der Garderobe zum Sportplatz<br>\n\u2022 Minimierung des Unfallrisikos, das Pendeln mit dem Velo entf\u00e4llt <br>\n\u2022 Bessere Trainingsbedingungen <br>dank sinnvoller und zweckm\u00e4ssiger Infrastruktur<br>\n\u2022 Erfolgreiche Nachwuchsf\u00f6rderung<br><br><br><\/div>\r\n          <\/div>  \r\n  <\/div>\r\n <\/div>\t\t\t\t<\/div>\n\t\t\t\t<\/div>\n\t\t\t\t\t<\/div>\n\t\t<\/div>\n\t\t\t\t<div class=\"elementor-column elementor-col-50 elementor-inner-column elementor-element elementor-element-3c41154 column-style-top\" data-id=\"3c41154\" data-element_type=\"column\">\n\t\t\t<div class=\"elementor-widget-wrap elementor-element-populated\">\n\t\t\t\t\t\t<div class=\"elementor-element elementor-element-1013efd elementor-widget elementor-widget-gva-image-content\" data-id=\"1013efd\" data-element_type=\"widget\" data-widget_type=\"gva-image-content.default\">\n\t\t\t\t<div class=\"elementor-widget-container\">\n\t\t\t\t\t<div class=\"gva-element-gva-image-content gva-element\">      \r\n     \r\n    \r\n    \r\n\r\n   \r\n  <div class=\"gsc-image-content skin-v4\">\r\n        <div class=\"box-content\">\r\n               <h2 class=\"title\">\r\n            Vorteile f\u00fcr unsere Aktivmitglieder         <\/h2>\r\n            <div class=\"desc\">\u2022 Bessere Infrastrukturbedingungen f\u00fcr Training und Spiele\n<br>\u2022 Kein Pendeln an Matchtagen<br>zwischen Schulhaus und Sportplatz Moos <br>\u2022 Nahe Wege, direkte und bequeme Anreise zum Sportplatz Moos \n<br>\u2022 Erh\u00f6hte Attraktivit\u00e4t des Vereins <br>auch f\u00fcr zuk\u00fcnftige Fussballspieler:innen\n<br>\u2022 Alles an einem Ort und unter einem Dach<br><\/div>\r\n          <\/div>  \r\n  <\/div>\r\n <\/div>\t\t\t\t<\/div>\n\t\t\t\t<\/div>\n\t\t\t\t\t<\/div>\n\t\t<\/div>\n\t\t\t\t\t<\/div>\n\t\t<\/section>\n\t\t\t\t<section class=\"elementor-section elementor-inner-section elementor-element elementor-element-412b183 elementor-section-boxed elementor-section-height-default elementor-section-height-default\" data-id=\"412b183\" data-element_type=\"section\">\n\t\t\t\t\t\t<div class=\"elementor-container elementor-column-gap-default\">\n\t\t\t\t\t<div class=\"elementor-column elementor-col-50 elementor-inner-column elementor-element elementor-element-cd512be column-style-top\" data-id=\"cd512be\" data-element_type=\"column\">\n\t\t\t<div class=\"elementor-widget-wrap elementor-element-populated\">\n\t\t\t\t\t\t<div class=\"elementor-element elementor-element-9d50e4c elementor-widget elementor-widget-gva-image-content\" data-id=\"9d50e4c\" data-element_type=\"widget\" data-widget_type=\"gva-image-content.default\">\n\t\t\t\t<div class=\"elementor-widget-container\">\n\t\t\t\t\t<div class=\"gva-element-gva-image-content gva-element\">      \r\n     \r\n    \r\n    \r\n\r\n   \r\n  <div class=\"gsc-image-content skin-v4\">\r\n        <div class=\"box-content\">\r\n               <h2 class=\"title\">\r\n            Vorteile f\u00fcr  Matchbesucher und das Dorf Ersigen         <\/h2>\r\n            <div class=\"desc\">\u2022 Mehrwert f\u00fcr Zuschauer dank verbessertem Angebot im Clubhaus (auch an Schlechtwettertagen)<br>\n\u2022 Attraktives Mietlokal f\u00fcr Familien- oder Firmenanl\u00e4sse<br>\n\u2022 Kein Verkehrsaufkommen an Matchtagen <br>beim Schulhaus und im Dorfzentrum<br>\n\u2022 Sinnvolles und sportliches Freizeitangebot <br>f\u00fcr Jung und Alt in Ersigen<br>\n\u2022 Organisation von j\u00e4hrlichen Sport- und Dorfevents<br>\n\u2022 Aktives Vereinsleben und Sportgeschehen aufrecht erhalten\n<\/div>\r\n          <\/div>  \r\n  <\/div>\r\n <\/div>\t\t\t\t<\/div>\n\t\t\t\t<\/div>\n\t\t\t\t\t<\/div>\n\t\t<\/div>\n\t\t\t\t<div class=\"elementor-column elementor-col-50 elementor-inner-column elementor-element elementor-element-1b85032 column-style-top\" data-id=\"1b85032\" data-element_type=\"column\">\n\t\t\t<div class=\"elementor-widget-wrap elementor-element-populated\">\n\t\t\t\t\t\t<div class=\"elementor-element elementor-element-7df01ef elementor-widget__width-inherit elementor-widget elementor-widget-gva-image-content\" data-id=\"7df01ef\" data-element_type=\"widget\" data-widget_type=\"gva-image-content.default\">\n\t\t\t\t<div class=\"elementor-widget-container\">\n\t\t\t\t\t<div class=\"gva-element-gva-image-content gva-element\">      \r\n     \r\n    \r\n    \r\n\r\n   \r\n  <div class=\"gsc-image-content skin-v4\">\r\n        <div class=\"box-content\">\r\n               <h2 class=\"title\">\r\n            Vorteile f\u00fcr andere Vereine         <\/h2>\r\n            <div class=\"desc\">\u2022 Nutzung der R\u00e4umlichkeiten auch f\u00fcr andere Vereine <br>oder Institutionen m\u00f6glich<br>\n\u2022 Vielseitiges Vereinsangebot im Dorf Ersigen aufrecht erhalten<br><br><br><br><br><br><br><\/div>\r\n          <\/div>  \r\n  <\/div>\r\n <\/div>\t\t\t\t<\/div>\n\t\t\t\t<\/div>\n\t\t\t\t\t<\/div>\n\t\t<\/div>\n\t\t\t\t\t<\/div>\n\t\t<\/section>\n\t\t\t\t\t<\/div>\n\t\t<\/div>\n\t\t\t\t\t<\/div>\n\t\t<\/section>\n\t\t\t\t<section class=\"elementor-section elementor-top-section elementor-element elementor-element-8d8e531 elementor-section-boxed elementor-section-height-default elementor-section-height-default\" data-id=\"8d8e531\" data-element_type=\"section\">\n\t\t\t\t\t\t<div class=\"elementor-container elementor-column-gap-default\">\n\t\t\t\t\t<div class=\"elementor-column elementor-col-100 elementor-top-column elementor-element elementor-element-db65a23 bg-col-theme-second\" data-id=\"db65a23\" data-element_type=\"column\">\n\t\t\t<div class=\"elementor-widget-wrap elementor-element-populated\">\n\t\t\t\t\t\t<div class=\"elementor-element elementor-element-3d976d3 elementor-widget elementor-widget-gva-call-to-action\" data-id=\"3d976d3\" data-element_type=\"widget\" data-widget_type=\"gva-call-to-action.default\">\n\t\t\t\t<div class=\"elementor-widget-container\">\n\t\t\t\t\t<div class=\"gva-element-gva-call-to-action gva-element\">\r\n   <div class=\"button-right widget gsc-call-to-action\">\r\n      <div class=\"content-inner clearfix\" >\r\n         <div class=\"cta-content\">\r\n                           <h2 class=\"title\">\r\n                  <span>Mehr zu den Sponsoring-M\u00f6glichkeiten<\/span>\r\n               <\/h2>\r\n                                             <\/div>\r\n                     <div class=\"button-action\">\r\n                       <a href=\"https:\/\/haerzschlagmoos.ch\/?page_id=7249\" class=\"btn-cta btn-black\">\r\n          <span>Jetzt unterst\u00fctzen<\/span>\r\n        <\/a>\r\n\r\n                    <\/div>\r\n               <\/div>\r\n   <\/div>\r\n<\/div>\t\t\t\t<\/div>\n\t\t\t\t<\/div>\n\t\t\t\t\t<\/div>\n\t\t<\/div>\n\t\t\t\t\t<\/div>\n\t\t<\/section>\n\t\t\t\t<section class=\"elementor-section elementor-top-section elementor-element elementor-element-8c210ba elementor-section-boxed elementor-section-height-default elementor-section-height-default\" data-id=\"8c210ba\" data-element_type=\"section\">\n\t\t\t\t\t\t<div class=\"elementor-container elementor-column-gap-default\">\n\t\t\t\t\t<div class=\"elementor-column elementor-col-100 elementor-top-column elementor-element elementor-element-7bcb180 column-style-top\" data-id=\"7bcb180\" data-element_type=\"column\">\n\t\t\t<div class=\"elementor-widget-wrap elementor-element-populated\">\n\t\t\t\t\t\t<div class=\"elementor-element elementor-element-025e0bd elementor-widget elementor-widget-spacer\" data-id=\"025e0bd\" data-element_type=\"widget\" data-widget_type=\"spacer.default\">\n\t\t\t\t<div class=\"elementor-widget-container\">\n\t\t\t\t\t\t\t<div class=\"elementor-spacer\">\n\t\t\t<div class=\"elementor-spacer-inner\"><\/div>\n\t\t<\/div>\n\t\t\t\t\t\t<\/div>\n\t\t\t\t<\/div>\n\t\t\t\t\t<\/div>\n\t\t<\/div>\n\t\t\t\t\t<\/div>\n\t\t<\/section>\n\t\t\t\t<\/div>\n\t\t","protected":false},"excerpt":{"rendered":"<p>\u00a0Der Clubhaus-Neubau mit Garderoben hat zahlreiche Vorteile f\u00fcr alle Anspruchsgruppen &#8211; egal ob du als jetziges oder vielleicht zuk\u00fcnftiges Vereinsmitglied, als regelm\u00e4ssige Zuschauer:in bei Fussballspielen, als Besucher:in von unseren Anl\u00e4ssen [&hellip;]<\/p>\n","protected":false},"author":2,"featured_media":0,"parent":0,"menu_order":0,"comment_status":"closed","ping_status":"closed","template":"","meta":{"footnotes":""},"class_list":["post-5445","page","type-page","status-publish","hentry"],"wpcf_dashboard":"<div class=\"woocommerce\"><div class=\"woocommerce-info\">Please log in first? <a class=\"wpneoShowLogin\" href=\"#\">Click here to login<\/a><\/div><div class=\"wpneo_login_form_div\" style=\"display: none;\"><form name=\"loginform\" id=\"loginform\" action=\"https:\/\/haerzschlagmoos.ch\/wp-login.php\" method=\"post\"><p class=\"login-username\">\n\t\t\t\t<label for=\"user_login\">Benutzername oder E-Mail-Adresse<\/label>\n\t\t\t\t<input type=\"text\" name=\"log\" id=\"user_login\" autocomplete=\"username\" class=\"input\" value=\"\" size=\"20\" \/>\n\t\t\t<\/p><p class=\"login-password\">\n\t\t\t\t<label for=\"user_pass\">Passwort<\/label>\n\t\t\t\t<input type=\"password\" name=\"pwd\" id=\"user_pass\" autocomplete=\"current-password\" spellcheck=\"false\" class=\"input\" value=\"\" size=\"20\" \/>\n\t\t\t<\/p><p class=\"login-remember\"><label><input name=\"rememberme\" type=\"checkbox\" id=\"rememberme\" value=\"forever\" \/> Angemeldet bleiben<\/label><\/p><p class=\"login-submit\">\n\t\t\t\t<input type=\"submit\" name=\"wp-submit\" id=\"wp-submit\" class=\"button button-primary\" value=\"Anmelden\" \/>\n\t\t\t\t<input type=\"hidden\" name=\"redirect_to\" value=\"https:\/\/haerzschlagmoos.ch\/index.php?rest_route=%2Fwp%2Fv2%2Fpages%2F5445\" \/>\n\t\t\t<\/p><\/form><\/div><\/div>","_links":{"self":[{"href":"https:\/\/haerzschlagmoos.ch\/index.php?rest_route=\/wp\/v2\/pages\/5445","targetHints":{"allow":["GET"]}}],"collection":[{"href":"https:\/\/haerzschlagmoos.ch\/index.php?rest_route=\/wp\/v2\/pages"}],"about":[{"href":"https:\/\/haerzschlagmoos.ch\/index.php?rest_route=\/wp\/v2\/types\/page"}],"author":[{"embeddable":true,"href":"https:\/\/haerzschlagmoos.ch\/index.php?rest_route=\/wp\/v2\/users\/2"}],"replies":[{"embeddable":true,"href":"https:\/\/haerzschlagmoos.ch\/index.php?rest_route=%2Fwp%2Fv2%2Fcomments&post=5445"}],"version-history":[{"count":102,"href":"https:\/\/haerzschlagmoos.ch\/index.php?rest_route=\/wp\/v2\/pages\/5445\/revisions"}],"predecessor-version":[{"id":10899,"href":"https:\/\/haerzschlagmoos.ch\/index.php?rest_route=\/wp\/v2\/pages\/5445\/revisions\/10899"}],"wp:attachment":[{"href":"https:\/\/haerzschlagmoos.ch\/index.php?rest_route=%2Fwp%2Fv2%2Fmedia&parent=5445"}],"curies":[{"name":"wp","href":"https:\/\/api.w.org\/{rel}","templated":true}]}}